{"id":109,"date":"2023-06-13T09:14:27","date_gmt":"2023-06-13T09:14:27","guid":{"rendered":"https:\/\/samu.cibpcs.com\/samu\/?post_type=product&#038;p=109"},"modified":"2023-06-13T09:14:27","modified_gmt":"2023-06-13T09:14:27","slug":"newskill-eos-raton-gaming-professional-rgb-16000dpi","status":"publish","type":"product","link":"https:\/\/samu.cibpcs.com\/samu\/producto\/newskill-eos-raton-gaming-professional-rgb-16000dpi\/","title":{"rendered":"Newskill EOS Rat\u00f3n Gaming Professional RGB 16000DPI"},"content":{"rendered":"<ul>\n<li>Sensor \u00f3ptico profesional: Una de las caracter\u00edsticas que hace de Eos la elecci\u00f3n perfecta para todos los que buscan un rat\u00f3n tope de gama es que incorpora Pixart 3360, un sensor \u00f3ptico de \u00faltima generaci\u00f3n capaz de ofrecer una enorme precisi\u00f3n, adem\u00e1s de hasta 250 pulgadas por segundo (IPS) y hasta 50G de aceleraci\u00f3n.<\/li>\n<li>Iluminaci\u00f3n ajustada a tus necesidades: Como cualquier rat\u00f3n profesional que se precie, Eos dispone de iluminaci\u00f3n RGB por fases y diferentes efectos de iluminaci\u00f3n para que disfrutes de m\u00faltiples combinaciones de colores. Adem\u00e1s, dispone de 10 perfiles configurables por el usuario seg\u00fan el modo de iluminaci\u00f3n que precises en cada momento.<\/li>\n<li>Dise\u00f1o ergon\u00f3mico y funcional: En Eos se ha buscado un dise\u00f1o multitask, es decir, que favorezca la m\u00e1xima ergonom\u00eda y eficacia del rat\u00f3n ante cualquier tipo de tarea y en cualquier tipo de juego, especialmente en los first-person shooter. De ah\u00ed su forma espec\u00edficamente dise\u00f1ada para favorecer el agarre en forma de garra.<\/li>\n<li>Todo lujo de detalles: Hemos querido cuidar al m\u00e1ximo los acabados. Por eso, Eos cuenta con feet pads de tefl\u00f3n y su superficie est\u00e1 completamente recubierta de goma natural de alta calidad para proporcionar un tacto agradable y mejorar la sujecci\u00f3n.<\/li>\n<li>Software personalizable: El software de Eos te permitir\u00e1 configurar sus siete botones para ajustarlos a las necesidades de cada momento, adapt\u00e1ndose completamente al jugador y al tipo de juego.<\/li>\n<\/ul>\n","protected":false},"excerpt":{"rendered":"<p>Gaming mouse profesional para todos aquellos buscan llevar la calidad de su equipo un paso m\u00e1s all\u00e1. Eos cuenta con todas las prestaciones de un perif\u00e9rico profesional de alta gama: sensor \u00f3ptico de \u00faltima generaci\u00f3n con hasta 16000 DPI, retroiluminaci\u00f3n RGB y software exclusivo para poder configurarlo de la manera que m\u00e1s se adapte a tu modo de juego.<\/p>\n","protected":false},"featured_media":110,"comment_status":"open","ping_status":"closed","template":"","meta":{"neve_meta_sidebar":"","neve_meta_container":"","neve_meta_enable_content_width":"off","neve_meta_content_width":100,"neve_meta_title_alignment":"","neve_meta_author_avatar":"","neve_post_elements_order":"","neve_meta_disable_header":"","neve_meta_disable_footer":"","neve_meta_disable_title":""},"product_cat":[22],"product_tag":[],"class_list":["post-109","product","type-product","status-publish","has-post-thumbnail","hentry","product_cat-ratones"],"_links":{"self":[{"href":"https:\/\/samu.cibpcs.com\/samu\/wp-json\/wp\/v2\/product\/109","targetHints":{"allow":["GET"]}}],"collection":[{"href":"https:\/\/samu.cibpcs.com\/samu\/wp-json\/wp\/v2\/product"}],"about":[{"href":"https:\/\/samu.cibpcs.com\/samu\/wp-json\/wp\/v2\/types\/product"}],"replies":[{"embeddable":true,"href":"https:\/\/samu.cibpcs.com\/samu\/wp-json\/wp\/v2\/comments?post=109"}],"wp:featuredmedia":[{"embeddable":true,"href":"https:\/\/samu.cibpcs.com\/samu\/wp-json\/wp\/v2\/media\/110"}],"wp:attachment":[{"href":"https:\/\/samu.cibpcs.com\/samu\/wp-json\/wp\/v2\/media?parent=109"}],"wp:term":[{"taxonomy":"product_cat","embeddable":true,"href":"https:\/\/samu.cibpcs.com\/samu\/wp-json\/wp\/v2\/product_cat?post=109"},{"taxonomy":"product_tag","embeddable":true,"href":"https:\/\/samu.cibpcs.com\/samu\/wp-json\/wp\/v2\/product_tag?post=109"}],"curies":[{"name":"wp","href":"https:\/\/api.w.org\/{rel}","templated":true}]}}